{"id":14,"date":"2022-11-06T14:11:25","date_gmt":"2022-11-06T13:11:25","guid":{"rendered":"http:\/\/maciejturzanski.eu\/?page_id=14"},"modified":"2022-11-16T12:59:27","modified_gmt":"2022-11-16T11:59:27","slug":"projekty-badawcze","status":"publish","type":"page","link":"https:\/\/maciejturzanski.eu\/index.php\/projekty-badawcze\/","title":{"rendered":"Projekty Badawcze"},"content":{"rendered":"\n<p>Traktowane \u0142\u0105cznie, z Wy\u017cyny Krakowskiej (WK) \u2012 zako\u0144czone, ale cz\u0119\u015bci materia\u0142u dotychczas nieopublikowano i z Pog\u00f3rza Dynowskiego (PD) \u2012 aktualne.<\/p>\n\n\n\n<p>1. Liczebno\u015b\u0107 i rozmieszczenie ptak\u00f3w drapie\u017cnych dziennych&nbsp;<em>Accipitriformes<\/em>,&nbsp;<em>Falconiformes<\/em>, s\u00f3w&nbsp;<em>Strigiformes<\/em>&nbsp;oraz kruka&nbsp;<em>Corvus corax<\/em>&nbsp;(WK i PD)<\/p>\n\n\n\n<p>2. Przestrzenna i czasowa zmienno\u015b\u0107 sk\u0142adu pokarmu ptak\u00f3w drapie\u017cnych dziennych i nocnych (WK i PD)<\/p>\n\n\n\n<p>3. Fenologia pierzenia ptak\u00f3w drapie\u017cnych dziennych i s\u00f3w (WK i PD)<\/p>\n\n\n\n<p>4. Ekologia behawioralna uszatki&nbsp;<em>Asio otus<\/em>&nbsp;(WK i PD)<\/p>\n\n\n\n<p>5. Populacja l\u0119gowa gawrona&nbsp;<em>Corvus frugilegus<\/em>&nbsp;i sroki&nbsp;<em>Pica pica<\/em>&nbsp;w mie\u015bcie Brzoz\u00f3w (PD)<\/p>\n\n\n\n<p>6. Wykorzystanie budek l\u0119gowych przez puszczyka&nbsp;<em>Strix aluco<\/em>&nbsp;na Pog\u00f3rzu Dynowskim<\/p>\n\n\n\n<p>7. W\u0119dr\u00f3wka \u017curawia&nbsp;<em>Grus grus<\/em>&nbsp;na Pog\u00f3rzu Dynowskim<\/p>\n\n\n\n<p>8. Populacja bociana bia\u0142ego&nbsp;<em>Ciconia ciconia<\/em>&nbsp;na Pog\u00f3rzu Dynowskim<\/p>\n\n\n\n<p>9. Rezydenci w gniazdach bociana bia\u0142ego&nbsp;<em>Ciconia ciconia<\/em>&nbsp;na Pog\u00f3rzu Dynowskim<\/p>\n\n\n\n<p>10. Liczebno\u015bci drobnych ssak\u00f3w&nbsp;<em>Micromammalia<\/em>&nbsp;na Pog\u00f3rzu Dynowskim<\/p>\n\n\n\n<div style=\"height:50px\" aria-hidden=\"true\" class=\"wp-block-spacer\"><\/div>\n\n\n\n<hr class=\"wp-block-separator has-alpha-channel-opacity\"\/>\n\n\n\n<h2 class=\"has-text-align-center has-text-link-color has-text-color wp-block-heading\"><strong>RESEARCH PROJECTS<\/strong><\/h2>\n\n\n\n<p>Taken together, from the Krak\u00f3w Upland (KU) \u2012 completed, but some of the material has not been published yet and from the Dynowskie Foothills (DF) \u2012 current.<\/p>\n\n\n\n<p>1. Numbers and distribution of diurnal birds of prey&nbsp;<em>Accipitriformes<\/em>,&nbsp;<em>Falconiformes<\/em>, owls&nbsp;<em>Strigiformes<\/em>&nbsp;and the Raven&nbsp;<em>Corvus corax<\/em>&nbsp;(KU and DF)<\/p>\n\n\n\n<p>2. Spatial and temporal variability of food composition of daily and night birds of prey (KU and DF)<\/p>\n\n\n\n<p>3. Moulting phenology of diurnal birds of prey and owls (KU and DF)<\/p>\n\n\n\n<p>4. Behavioral ecology of the Long-eared Owl&nbsp;<em>Asio otus<\/em>&nbsp;(KU and DF)<\/p>\n\n\n\n<p>5. Breeding population of the Rook&nbsp;<em>Corvus frugilegus<\/em>&nbsp;and the Magpie&nbsp;<em>Pica pica<\/em>&nbsp;in Brzoz\u00f3w city (DF)<\/p>\n\n\n\n<p>6. Usage of nest boxes by&nbsp;the Tawny Owl&nbsp;<em>Strix aluco<\/em>&nbsp;in the Dynowskie Foothills<\/p>\n\n\n\n<p>7. Migration of the Common Crane&nbsp;<em>Grus grus<\/em>&nbsp;in&nbsp;the Dynowskie Foothills<\/p>\n\n\n\n<p>8. Population of the White Stork&nbsp;<em>Ciconia ciconia<\/em>&nbsp;in the&nbsp;Dynowskie Foothills<\/p>\n\n\n\n<p>9. Residents in nests of the White Stork&nbsp;<em>Ciconia ciconia<\/em>&nbsp;in the&nbsp;Dynowskie Foothills<\/p>\n\n\n\n<p>10. Numbers of small mammals&nbsp;<em>Micromammalia<\/em>&nbsp;in the Dynowskie Foothills<\/p>\n\n\n\n<div style=\"height:50px\" aria-hidden=\"true\" class=\"wp-block-spacer\"><\/div>\n","protected":false},"excerpt":{"rendered":"<p>Traktowane \u0142\u0105cznie, z Wy\u017cyny Krakowskiej (WK) \u2012 zako\u0144czone, ale cz\u0119\u015bci materia\u0142u dotychczas nieopublikowano i z Pog\u00f3rza Dynowskiego (PD) \u2012 aktualne. 1. Liczebno\u015b\u0107 i rozmieszczenie ptak\u00f3w drapie\u017cnych dziennych&nbsp;Accipitriformes,&nbsp;Falconiformes, s\u00f3w&nbsp;Strigiformes&nbsp;oraz kruka&nbsp;Corvus corax&nbsp;(WK i PD) 2. Przestrzenna i czasowa zmienno\u015b\u0107 sk\u0142adu pokarmu ptak\u00f3w drapie\u017cnych dziennych i nocnych (WK i PD) 3. Fenologia pierzenia ptak\u00f3w drapie\u017cnych dziennych i s\u00f3w [&hellip;]<\/p>\n","protected":false},"author":1,"featured_media":0,"parent":0,"menu_order":4,"comment_status":"closed","ping_status":"closed","template":"","meta":{"footnotes":""},"class_list":["post-14","page","type-page","status-publish","hentry"],"_links":{"self":[{"href":"https:\/\/maciejturzanski.eu\/index.php\/wp-json\/wp\/v2\/pages\/14","targetHints":{"allow":["GET"]}}],"collection":[{"href":"https:\/\/maciejturzanski.eu\/index.php\/wp-json\/wp\/v2\/pages"}],"about":[{"href":"https:\/\/maciejturzanski.eu\/index.php\/wp-json\/wp\/v2\/types\/page"}],"author":[{"embeddable":true,"href":"https:\/\/maciejturzanski.eu\/index.php\/wp-json\/wp\/v2\/users\/1"}],"replies":[{"embeddable":true,"href":"https:\/\/maciejturzanski.eu\/index.php\/wp-json\/wp\/v2\/comments?post=14"}],"version-history":[{"count":5,"href":"https:\/\/maciejturzanski.eu\/index.php\/wp-json\/wp\/v2\/pages\/14\/revisions"}],"predecessor-version":[{"id":727,"href":"https:\/\/maciejturzanski.eu\/index.php\/wp-json\/wp\/v2\/pages\/14\/revisions\/727"}],"wp:attachment":[{"href":"https:\/\/maciejturzanski.eu\/index.php\/wp-json\/wp\/v2\/media?parent=14"}],"curies":[{"name":"wp","href":"https:\/\/api.w.org\/{rel}","templated":true}]}}