{"id":6,"date":"2022-11-06T14:10:05","date_gmt":"2022-11-06T13:10:05","guid":{"rendered":"http:\/\/maciejturzanski.eu\/?page_id=6"},"modified":"2022-11-06T16:40:54","modified_gmt":"2022-11-06T15:40:54","slug":"o-mnie","status":"publish","type":"page","link":"https:\/\/maciejturzanski.eu\/index.php\/o-mnie\/","title":{"rendered":"O Mnie"},"content":{"rendered":"\n<figure class=\"wp-block-image alignwide size-full\"><img loading=\"lazy\" decoding=\"async\" width=\"2560\" height=\"1701\" src=\"http:\/\/maciejturzanski.eu\/wp-content\/uploads\/2022\/11\/DSC_0002-scaled.jpg\" alt=\"\" class=\"wp-image-39\" srcset=\"https:\/\/maciejturzanski.eu\/wp-content\/uploads\/2022\/11\/DSC_0002-scaled.jpg 2560w, https:\/\/maciejturzanski.eu\/wp-content\/uploads\/2022\/11\/DSC_0002-300x199.jpg 300w, https:\/\/maciejturzanski.eu\/wp-content\/uploads\/2022\/11\/DSC_0002-1024x680.jpg 1024w, https:\/\/maciejturzanski.eu\/wp-content\/uploads\/2022\/11\/DSC_0002-768x510.jpg 768w, https:\/\/maciejturzanski.eu\/wp-content\/uploads\/2022\/11\/DSC_0002-1536x1020.jpg 1536w, https:\/\/maciejturzanski.eu\/wp-content\/uploads\/2022\/11\/DSC_0002-2048x1360.jpg 2048w\" sizes=\"auto, (max-width: 2560px) 100vw, 2560px\" \/><\/figure>\n\n\n\n<p>Pi\u0119knem \u015bwiata przyrody, a szczeg\u00f3lnie ptakami, fascynowa\u0142em si\u0119 ju\u017c od dzieci\u0144stwa. Jednak profesjonalnie zacz\u0105\u0142em go poznawa\u0107 i opisywa\u0107 dopiero na studiach.<\/p>\n\n\n\n<p>Od roku 2004 do 2010, prowadzi\u0142em badania nad systematycznymi ptakami drapie\u017cnymi \u2012 dziennymi&nbsp;<em>Accipitriformes<\/em>,&nbsp;<em>Falconiformes<\/em>&nbsp;i nocnymi&nbsp;<em>Strigiformes<\/em>&nbsp;oraz krukiem&nbsp;<em>Corvus corax<\/em>&nbsp;na obszarze&nbsp;<strong>Wy\u017cyny Krakowskiej<\/strong>.<\/p>\n\n\n\n<p>Za\u015b po uko\u0144czeniu studi\u00f3w, od roku 2011 do chwili obecnej, badam przyrod\u0119 g\u0142\u00f3wnie na terenie&nbsp;<strong>Pog\u00f3rza Dynowskiego<\/strong>, poszerzaj\u0105c zakres zainteresowa\u0144 r\u00f3wnie\u017c o inne gatunki ptak\u00f3w.<\/p>\n\n\n\n<p>Efektem tych bada\u0144 s\u0105 moje publikacje, z dw\u00f3ch odr\u0119bnych region\u00f3w fizycznogeograficznych, kt\u00f3re znajduj\u0105 si\u0119 na tej stronie.<\/p>\n\n\n\n<p>Ponadto zamieszczono na niej tak\u017ce moje zainteresowania naukowe i projekty badawcze.<\/p>\n\n\n\n<p>Poza opisywaniem natury, moj\u0105 pasj\u0105 jest jej rysowanie i fotografowanie, czego efekty mo\u017cna znale\u017a\u0107 w osobnych zak\u0142adkach.<\/p>\n\n\n\n<p class=\"has-vivid-red-color has-text-color\" style=\"font-style:normal;font-weight:800\">Wszystkie materia\u0142y zamieszczone na tej stronie chronione s\u0105 prawem autorskim.<\/p>\n\n\n\n<p>W przypadku wszelkich uwag czy zapyta\u0144 prosz\u0119 o kontakt: maciej.turzanski@interia.pl<\/p>\n\n\n\n<p class=\"has-text-align-right\">Maciej Turza\u0144ski<\/p>\n\n\n\n<hr class=\"wp-block-separator has-alpha-channel-opacity\"\/>\n\n\n\n<h2 class=\"has-text-align-center has-text-link-color has-text-color has-poppins-font-family wp-block-heading\"><strong>ABOUT ME<\/strong><\/h2>\n\n\n\n<p>I have been fascinated with the beauty of the natural world, especially birds, since childhood. However, I started to get to know and describe it professionally only during my studies at the university.<\/p>\n\n\n\n<p>From 2004 to 2010, I conducted research on the systematic birds of prey \u2012 diurnal&nbsp;<em>Accipitriformes<\/em>,&nbsp;<em>Falconiformes<\/em>&nbsp;and nocturnal&nbsp;<em>Strigiformes<\/em>&nbsp;and also the Raven<em>&nbsp;Corvus corax<\/em>&nbsp;in&nbsp;<strong>the Krak\u00f3w Upland<\/strong>.<\/p>\n\n\n\n<p>And after graduation, from 2011 to the present, I study nature mainly on&nbsp;<strong>the Dynowskie Foothills<\/strong>, extending the scope of my interests also to other species of birds.<\/p>\n\n\n\n<p>The result of this research are my publications, from two separate physico-geographical regions, that can be found on this website.<\/p>\n\n\n\n<p>In addition, you can also find on it my scientific interests and research projects.<\/p>\n\n\n\n<p>Apart from describing nature, my passion is drawing and photographing it, the effects of which can be found in separate tabs.<\/p>\n\n\n\n<p class=\"has-vivid-red-color has-text-color\" style=\"font-style:normal;font-weight:800\">All materials on this website are protected by copyright.<\/p>\n\n\n\n<p>If you have any comments or questions, please contact me:&nbsp;maciej.turzanski@interia.pl<\/p>\n\n\n\n<p class=\"has-text-align-right\">Maciej Turza\u0144ski<\/p>\n","protected":false},"excerpt":{"rendered":"<p>Pi\u0119knem \u015bwiata przyrody, a szczeg\u00f3lnie ptakami, fascynowa\u0142em si\u0119 ju\u017c od dzieci\u0144stwa. Jednak profesjonalnie zacz\u0105\u0142em go poznawa\u0107 i opisywa\u0107 dopiero na studiach. Od roku 2004 do 2010, prowadzi\u0142em badania nad systematycznymi ptakami drapie\u017cnymi \u2012 dziennymi&nbsp;Accipitriformes,&nbsp;Falconiformes&nbsp;i nocnymi&nbsp;Strigiformes&nbsp;oraz krukiem&nbsp;Corvus corax&nbsp;na obszarze&nbsp;Wy\u017cyny Krakowskiej. Za\u015b po uko\u0144czeniu studi\u00f3w, od roku 2011 do chwili obecnej, badam przyrod\u0119 g\u0142\u00f3wnie na terenie&nbsp;Pog\u00f3rza Dynowskiego, [&hellip;]<\/p>\n","protected":false},"author":1,"featured_media":0,"parent":0,"menu_order":1,"comment_status":"closed","ping_status":"closed","template":"","meta":{"footnotes":""},"class_list":["post-6","page","type-page","status-publish","hentry"],"_links":{"self":[{"href":"https:\/\/maciejturzanski.eu\/index.php\/wp-json\/wp\/v2\/pages\/6","targetHints":{"allow":["GET"]}}],"collection":[{"href":"https:\/\/maciejturzanski.eu\/index.php\/wp-json\/wp\/v2\/pages"}],"about":[{"href":"https:\/\/maciejturzanski.eu\/index.php\/wp-json\/wp\/v2\/types\/page"}],"author":[{"embeddable":true,"href":"https:\/\/maciejturzanski.eu\/index.php\/wp-json\/wp\/v2\/users\/1"}],"replies":[{"embeddable":true,"href":"https:\/\/maciejturzanski.eu\/index.php\/wp-json\/wp\/v2\/comments?post=6"}],"version-history":[{"count":4,"href":"https:\/\/maciejturzanski.eu\/index.php\/wp-json\/wp\/v2\/pages\/6\/revisions"}],"predecessor-version":[{"id":43,"href":"https:\/\/maciejturzanski.eu\/index.php\/wp-json\/wp\/v2\/pages\/6\/revisions\/43"}],"wp:attachment":[{"href":"https:\/\/maciejturzanski.eu\/index.php\/wp-json\/wp\/v2\/media?parent=6"}],"curies":[{"name":"wp","href":"https:\/\/api.w.org\/{rel}","templated":true}]}}