{"id":8,"date":"2022-11-06T14:10:32","date_gmt":"2022-11-06T13:10:32","guid":{"rendered":"http:\/\/maciejturzanski.eu\/?page_id=8"},"modified":"2022-11-06T21:20:05","modified_gmt":"2022-11-06T20:20:05","slug":"wyksztalcenie","status":"publish","type":"page","link":"https:\/\/maciejturzanski.eu\/index.php\/wyksztalcenie\/","title":{"rendered":"Wykszta\u0142cenie"},"content":{"rendered":"\n<p><\/p>\n\n\n\n<p>1. 1998-2002 Liceum Og\u00f3lnokszta\u0142c\u0105ce im. Kr\u00f3la Kazimierza Wielkiego&nbsp;w Brzozowie, klasa o profilu og\u00f3lnym, matura z j\u0119zyka angielskiego<\/p>\n\n\n\n<p>2. 2002-2005&nbsp;Uniwersytet Jagiello\u0144ski, trzyletnie studia dzienne licencjackie, kierunek:&nbsp;Ochrona \u015brodowiska<\/p>\n\n\n\n<p>3. 2005-2007&nbsp;Uniwersytet Jagiello\u0144ski, dwuletnie studia dzienne magisterskie uzupe\u0142niaj\u0105ce, kierunek:&nbsp;Ochrona \u015brodowiska, specjalno\u015b\u0107: Biologia \u015brodowiska \u2012 dyplom z wyr\u00f3\u017cnieniem<\/p>\n\n\n\n<p>4. 2006-2007 Szko\u0142a J\u0119zyk\u00f3w Obcych PROFI-LINGUA w Krakowie, roczny kurs j\u0119zyka francuskiego na poziomie Preintermediaire<\/p>\n\n\n\n<p>5. 2007-2008 Instytut Ochrony Przyrody Polskiej Akademii Nauk w Krakowie, roczny kurs z zakresu ochrony przyrody organizowany w ramach Akademii Ochrony Przyrody 2007\/2008<\/p>\n\n\n\n<p>6. 2007-2012 Mi\u0119dzynarodowe Studium Doktoranckie Nauk Przyrodniczych Polskiej Akademii Nauk w Krakowie, Instytut Systematyki i Ewolucji Zwierz\u0105t PAN w Krakowie, dziedzina &#8211; dyscyplina: nauki biologiczne &#8211; biologia<\/p>\n\n\n\n<div style=\"height:50px\" aria-hidden=\"true\" class=\"wp-block-spacer\"><\/div>\n\n\n\n<hr class=\"wp-block-separator has-alpha-channel-opacity\"\/>\n\n\n\n<h2 class=\"has-text-align-center has-text-link-color has-text-color wp-block-heading\"><strong>EDUCATION<\/strong><\/h2>\n\n\n\n<p>1. 1998-2002 Kr\u00f3l Kazimierz Wielki&nbsp;Secondary School in&nbsp;Brzoz\u00f3w, general profile class, Matura exam in English<\/p>\n\n\n\n<p>2. 2002-2005 Jagiellonian&nbsp;University in Krak\u00f3w, three-year full-time Bachelor, field of study: Environmental Protection<\/p>\n\n\n\n<p>3. 2005-2007 Jagiellonian&nbsp;University in Krak\u00f3w, two-year full-time supplementary Masters, field of study: Environmental Protection, specialisation: Environmental Biology \u2012 graduated with honours<\/p>\n\n\n\n<p>4. 2006-2007 PROFI-LINGUA School of Foreign Languages in Krak\u00f3w, one-year French language course at the Preintermediaire level<\/p>\n\n\n\n<p>5. 2007-2008 Institute of Nature Conservation Polish Academy of Sciences in Krak\u00f3w, one-year course in the field of nature protection organised as part of the Academy of Nature Conservation 2007\/2008<\/p>\n\n\n\n<p>6. 2007-2012 International Doctoral Studies of Natural Sciences of the Polish Academy of Sciences in Krak\u00f3w, Institute of Systematics and Evolution of Animals PAS in Krak\u00f3w, domain &#8211; discipline: biological sciences &#8211; biology<\/p>\n","protected":false},"excerpt":{"rendered":"<p>1. 1998-2002 Liceum Og\u00f3lnokszta\u0142c\u0105ce im. Kr\u00f3la Kazimierza Wielkiego&nbsp;w Brzozowie, klasa o profilu og\u00f3lnym, matura z j\u0119zyka angielskiego 2. 2002-2005&nbsp;Uniwersytet Jagiello\u0144ski, trzyletnie studia dzienne licencjackie, kierunek:&nbsp;Ochrona \u015brodowiska 3. 2005-2007&nbsp;Uniwersytet Jagiello\u0144ski, dwuletnie studia dzienne magisterskie uzupe\u0142niaj\u0105ce, kierunek:&nbsp;Ochrona \u015brodowiska, specjalno\u015b\u0107: Biologia \u015brodowiska \u2012 dyplom z wyr\u00f3\u017cnieniem 4. 2006-2007 Szko\u0142a J\u0119zyk\u00f3w Obcych PROFI-LINGUA w Krakowie, roczny kurs j\u0119zyka francuskiego [&hellip;]<\/p>\n","protected":false},"author":1,"featured_media":0,"parent":0,"menu_order":2,"comment_status":"closed","ping_status":"closed","template":"","meta":{"footnotes":""},"class_list":["post-8","page","type-page","status-publish","hentry"],"_links":{"self":[{"href":"https:\/\/maciejturzanski.eu\/index.php\/wp-json\/wp\/v2\/pages\/8","targetHints":{"allow":["GET"]}}],"collection":[{"href":"https:\/\/maciejturzanski.eu\/index.php\/wp-json\/wp\/v2\/pages"}],"about":[{"href":"https:\/\/maciejturzanski.eu\/index.php\/wp-json\/wp\/v2\/types\/page"}],"author":[{"embeddable":true,"href":"https:\/\/maciejturzanski.eu\/index.php\/wp-json\/wp\/v2\/users\/1"}],"replies":[{"embeddable":true,"href":"https:\/\/maciejturzanski.eu\/index.php\/wp-json\/wp\/v2\/comments?post=8"}],"version-history":[{"count":3,"href":"https:\/\/maciejturzanski.eu\/index.php\/wp-json\/wp\/v2\/pages\/8\/revisions"}],"predecessor-version":[{"id":74,"href":"https:\/\/maciejturzanski.eu\/index.php\/wp-json\/wp\/v2\/pages\/8\/revisions\/74"}],"wp:attachment":[{"href":"https:\/\/maciejturzanski.eu\/index.php\/wp-json\/wp\/v2\/media?parent=8"}],"curies":[{"name":"wp","href":"https:\/\/api.w.org\/{rel}","templated":true}]}}